{"id":21,"date":"2019-10-13T04:20:58","date_gmt":"2019-10-13T04:20:58","guid":{"rendered":"https:\/\/dustar.themegeniuslab.com\/?page_id=21"},"modified":"2025-08-15T06:44:26","modified_gmt":"2025-08-15T06:44:26","slug":"contact","status":"publish","type":"page","link":"https:\/\/blitz-nrw.de\/ar\/contact\/","title":{"rendered":"Kontakt"},"content":{"rendered":"<div data-elementor-type=\"wp-page\" data-elementor-id=\"21\" class=\"elementor elementor-21\">\n\t\t\t\t\t\t<section class=\"elementor-section elementor-top-section elementor-element elementor-element-87bc7d0 elementor-section-full_width elementor-section-height-default elementor-section-height-default\" data-id=\"87bc7d0\" data-element_type=\"section\" data-e-type=\"section\" data-settings=\"{&quot;background_background&quot;:&quot;classic&quot;}\">\n\t\t\t\t\t\t<div class=\"elementor-container elementor-column-gap-no\">\n\t\t\t\t\t<div class=\"elementor-column elementor-col-100 elementor-top-column elementor-element elementor-element-5ab7681\" data-id=\"5ab7681\" data-element_type=\"column\" data-e-type=\"column\">\n\t\t\t<div class=\"elementor-widget-wrap elementor-element-populated\">\n\t\t\t\t\t\t<div class=\"elementor-element elementor-element-c066846 elementor-widget elementor-widget-heading\" data-id=\"c066846\" data-element_type=\"widget\" data-e-type=\"widget\" data-widget_type=\"heading.default\">\n\t\t\t\t\t<h1 class=\"elementor-heading-title elementor-size-default\">\u062a\u0648\u0627\u0635\u0644 \u0645\u0639\u0646\u0627<\/h1>\t\t\t\t<\/div>\n\t\t\t\t<div class=\"elementor-element elementor-element-ca1e510 elementor-widget__width-initial elementor-widget elementor-widget-heading\" data-id=\"ca1e510\" data-element_type=\"widget\" data-e-type=\"widget\" data-widget_type=\"heading.default\">\n\t\t\t\t\t<h6 class=\"elementor-heading-title elementor-size-default\">\u0646\u062d\u0646 \u0628\u0627\u0646\u062a\u0638\u0627\u0631 \u062a\u0648\u0627\u0635\u0644\u0643! \u0633\u0648\u0627\u0621 \u0643\u0646\u062a \u062a\u0631\u063a\u0628 \u0641\u064a \u0627\u0644\u062d\u0635\u0648\u0644 \u0639\u0644\u0649 \u0639\u0631\u0636 \u0633\u0639\u0631 \u0645\u062c\u0627\u0646\u064a\u060c \u0623\u0648 \u0644\u062f\u064a\u0643 \u0627\u0633\u062a\u0641\u0633\u0627\u0631\u0627\u062a \u062d\u0648\u0644 \u062e\u062f\u0645\u0627\u062a\u0646\u0627\u060c \u0623\u0648 \u062a\u0631\u064a\u062f \u062a\u062d\u062f\u064a\u062f \u0645\u0648\u0639\u062f \u2013 \u0641\u0631\u064a\u0642\u0646\u0627 \u062f\u0627\u0626\u0645\u064b\u0627 \u0647\u0646\u0627 \u0645\u0646 \u0623\u062c\u0644\u0643 \u0648\u0628\u0643\u0644 \u0633\u0631\u0648\u0631.<\/h6>\t\t\t\t<\/div>\n\t\t\t\t\t<\/div>\n\t\t<\/div>\n\t\t\t\t\t<\/div>\n\t\t<\/section>\n\t\t\t\t<section class=\"elementor-section elementor-top-section elementor-element elementor-element-f88be57 elementor-section-boxed elementor-section-height-default elementor-section-height-default\" data-id=\"f88be57\" data-element_type=\"section\" data-e-type=\"section\">\n\t\t\t\t\t\t<div class=\"elementor-container elementor-column-gap-default\">\n\t\t\t\t\t<div class=\"elementor-column elementor-col-100 elementor-top-column elementor-element elementor-element-42e1805\" data-id=\"42e1805\" data-element_type=\"column\" data-e-type=\"column\">\n\t\t\t<div class=\"elementor-widget-wrap\">\n\t\t\t\t\t\t\t<\/div>\n\t\t<\/div>\n\t\t\t\t\t<\/div>\n\t\t<\/section>\n\t\t\t\t<section class=\"elementor-section elementor-top-section elementor-element elementor-element-2663e40 elementor-section-full_width elementor-section-height-default elementor-section-height-default\" data-id=\"2663e40\" data-element_type=\"section\" data-e-type=\"section\">\n\t\t\t\t\t\t<div class=\"elementor-container elementor-column-gap-no\">\n\t\t\t\t\t<div class=\"elementor-column elementor-col-100 elementor-top-column elementor-element elementor-element-50a1687\" data-id=\"50a1687\" data-element_type=\"column\" data-e-type=\"column\">\n\t\t\t<div class=\"elementor-widget-wrap elementor-element-populated\">\n\t\t\t\t\t\t<div class=\"elementor-element elementor-element-4746bdf elementor-widget elementor-widget-tmx-dustar_contactinfo\" data-id=\"4746bdf\" data-element_type=\"widget\" data-e-type=\"widget\" data-widget_type=\"tmx-dustar_contactinfo.default\">\n\t\t\t\t<div class=\"elementor-widget-container\">\n\t\t\t\t\t\t\t<section class=\"contact-info-section\">\n\t\t\t<div class=\"contact-info clearfix\">\n\t\t\t\t\t\t\t\t\t\t<div>\n\t\t\t\t\t\t\t<div class=\"icon\">\n\t\t\t\t\t\t\t\t<i class=\"ti-email\"><\/i>\t\t\t\t\t\t\t<\/div>\n\t\t\t\t\t\t\t<h5>Email<\/h5><p>info@blitz-nrw.de<br \/>\n<br \/>\n<\/p>\t\t\t\t\t\t<\/div>\n\t\t\t\t\t\t\t\t\t\t<div>\n\t\t\t\t\t\t\t<div class=\"icon\">\n\t\t\t\t\t\t\t\t<i class=\"ti-headphone-alt\"><\/i>\t\t\t\t\t\t\t<\/div>\n\t\t\t\t\t\t\t<h5>Phone<\/h5><p>+49 1575 6015751<br \/>\n<br \/>\n<\/p>\t\t\t\t\t\t<\/div>\n\t\t\t\t\t\t\t\t\t\t<div>\n\t\t\t\t\t\t\t<div class=\"icon\">\n\t\t\t\t\t\t\t\t<i class=\"ti-location-pin\"><\/i>\t\t\t\t\t\t\t<\/div>\n\t\t\t\t\t\t\t<h5>Address<\/h5><p>Wilhelmstra\u00dfe 4<br \/>\n46145 Oberhausen<\/p>\t\t\t\t\t\t<\/div>\n\t\t\t\t\t\t\t<\/div>\n\t\t<\/section>\n\t\t\t\t<\/div>\n\t\t\t\t<\/div>\n\t\t\t\t\t<\/div>\n\t\t<\/div>\n\t\t\t\t\t<\/div>\n\t\t<\/section>\n\t\t\t\t<\/div>","protected":false},"excerpt":{"rendered":"Kontaktieren Sie uns Wir freuen uns, von Ihnen zu h\u00f6ren! Egal, ob Sie ein unverbindliches Angebot w\u00fcnschen, Fragen zu unseren Dienstleistungen haben oder einen Termin vereinbaren m\u00f6chten \u2013 unser Team ist gerne f\u00fcr Sie da. Email info@blitz-nrw.de Phone +49 1575 6015751 Address Wilhelmstra\u00dfe 4 46145 Oberhausen","protected":false},"author":1,"featured_media":0,"parent":0,"menu_order":0,"comment_status":"closed","ping_status":"closed","template":"elementor_header_footer","meta":{"footnotes":""},"class_list":["post-21","page","type-page","status-publish","hentry"],"_links":{"self":[{"href":"https:\/\/blitz-nrw.de\/ar\/wp-json\/wp\/v2\/pages\/21","targetHints":{"allow":["GET"]}}],"collection":[{"href":"https:\/\/blitz-nrw.de\/ar\/wp-json\/wp\/v2\/pages"}],"about":[{"href":"https:\/\/blitz-nrw.de\/ar\/wp-json\/wp\/v2\/types\/page"}],"author":[{"embeddable":true,"href":"https:\/\/blitz-nrw.de\/ar\/wp-json\/wp\/v2\/users\/1"}],"replies":[{"embeddable":true,"href":"https:\/\/blitz-nrw.de\/ar\/wp-json\/wp\/v2\/comments?post=21"}],"version-history":[{"count":4,"href":"https:\/\/blitz-nrw.de\/ar\/wp-json\/wp\/v2\/pages\/21\/revisions"}],"predecessor-version":[{"id":608,"href":"https:\/\/blitz-nrw.de\/ar\/wp-json\/wp\/v2\/pages\/21\/revisions\/608"}],"wp:attachment":[{"href":"https:\/\/blitz-nrw.de\/ar\/wp-json\/wp\/v2\/media?parent=21"}],"curies":[{"name":"wp","href":"https:\/\/api.w.org\/{rel}","templated":true}]}}